{"id":25,"date":"2023-05-16T04:28:16","date_gmt":"2023-05-16T04:28:16","guid":{"rendered":"https:\/\/voztermx.com\/?post_type=product&#038;p=25"},"modified":"2023-06-30T05:25:08","modified_gmt":"2023-06-30T05:25:08","slug":"playera-estampada-para-hombres-cuando-pases-por-las-aguas","status":"publish","type":"product","link":"https:\/\/voztermx.com\/index.php\/product\/playera-estampada-para-hombres-cuando-pases-por-las-aguas\/","title":{"rendered":"Cuando pases por las aguas"},"content":{"rendered":"<p>Nuestra playera estampada para hombres &#8220;Cuando Pases por las Aguas&#8221; es la combinaci\u00f3n perfecta de estilo y significado. Hecha con tela de primera calidad, te garantiza comodidad todo el d\u00eda. Y el estampado basado en Isa\u00edas 43:2 te recuerda que nunca est\u00e1s solo en los momentos dif\u00edciles. (Lee completo <a href=\"https:\/\/www.biblegateway.com\/passage\/?search=Isa%C3%ADas%2043%3A2&amp;version=RVR1960\">Isa\u00edas 43:2 dando clic aqu\u00ed)<\/a><\/p>\n<p>Esta playera es genial para cualquier ocasi\u00f3n. P\u00f3ntela con tus jeans favoritos para un look casual o comb\u00ednala con pantalones chinos para algo m\u00e1s elegante. Con su dise\u00f1o impactante y palabras inspiradoras, llevar\u00e1s contigo un mensaje de esperanza y fuerza.<\/p>\n<p>No importa los obst\u00e1culos que enfrentes, esta playera te recordar\u00e1 que tienes la capacidad de superarlos. \u00a1Consigue la tuya hoy y muestra tu estilo con un toque significativo!&#8221;<\/p>\n<p>&nbsp;<\/p>\n<p>Mira todos nuestros <a href=\"https:\/\/voztermx.com\/index.php\/product-category\/colecciones\/2fish\/\">dise\u00f1os inspirados en la biblia aqu\u00ed<\/a><\/p>\n","protected":false},"excerpt":{"rendered":"<p>Nuestra playera estampada para hombres &#8220;Cuando Pases por las Aguas&#8221; es la combinaci\u00f3n perfecta de estilo y significado. Hecha con tela de primera calidad, te garantiza comodidad todo el d\u00eda. Y el estampado basado en Isa\u00edas 43:2 te recuerda que nunca est\u00e1s solo en los momentos dif\u00edciles.<\/p>\n","protected":false},"featured_media":27,"comment_status":"open","ping_status":"closed","template":"","meta":{"_monsterinsights_skip_tracking":false,"_monsterinsights_sitenote_active":false,"_monsterinsights_sitenote_note":"","_monsterinsights_sitenote_category":0},"product_cat":[20,16,19],"product_tag":[23,21,22],"aioseo_notices":[],"jetpack-related-posts":[],"_links":{"self":[{"href":"https:\/\/voztermx.com\/index.php\/wp-json\/wp\/v2\/product\/25"}],"collection":[{"href":"https:\/\/voztermx.com\/index.php\/wp-json\/wp\/v2\/product"}],"about":[{"href":"https:\/\/voztermx.com\/index.php\/wp-json\/wp\/v2\/types\/product"}],"replies":[{"embeddable":true,"href":"https:\/\/voztermx.com\/index.php\/wp-json\/wp\/v2\/comments?post=25"}],"wp:featuredmedia":[{"embeddable":true,"href":"https:\/\/voztermx.com\/index.php\/wp-json\/wp\/v2\/media\/27"}],"wp:attachment":[{"href":"https:\/\/voztermx.com\/index.php\/wp-json\/wp\/v2\/media?parent=25"}],"wp:term":[{"taxonomy":"product_cat","embeddable":true,"href":"https:\/\/voztermx.com\/index.php\/wp-json\/wp\/v2\/product_cat?post=25"},{"taxonomy":"product_tag","embeddable":true,"href":"https:\/\/voztermx.com\/index.php\/wp-json\/wp\/v2\/product_tag?post=25"}],"curies":[{"name":"wp","href":"https:\/\/api.w.org\/{rel}","templated":true}]}}