{"id":11345,"date":"2023-06-17T06:28:01","date_gmt":"2023-06-17T06:28:01","guid":{"rendered":"https:\/\/voztermx.com\/?page_id=11345"},"modified":"2023-06-17T06:28:02","modified_gmt":"2023-06-17T06:28:02","slug":"politica-de-privacidad","status":"publish","type":"page","link":"https:\/\/voztermx.com\/index.php\/politica-de-privacidad\/","title":{"rendered":"Pol\u00edtica de Privacidad"},"content":{"rendered":"\n<p>Esta Pol\u00edtica de privacidad describe c\u00f3mo se recopila, utiliza y comparte su informaci\u00f3n personal cuando visita o realiza una compra en <a href=\"http:\/\/voxtermx.com\">voxtermx.com<\/a><\/p>\n\n\n\n<p>INFORMACI\u00d3N PERSONAL QUE RECOGEMOS<\/p>\n\n\n\n<p>Cuando visita el Sitio, recopilamos autom\u00e1ticamente cierta informaci\u00f3n sobre su dispositivo, incluida informaci\u00f3n sobre su navegador web, direcci\u00f3n IP, zona horaria y algunas de las cookies que est\u00e1n instaladas en su dispositivo. Adem\u00e1s, a medida que navega por el Sitio, recopilamos informaci\u00f3n sobre las p\u00e1ginas web individuales o los productos que ve, qu\u00e9 sitios web o t\u00e9rminos de b\u00fasqueda lo remiten al Sitio, e informaci\u00f3n sobre c\u00f3mo interact\u00faa con el Sitio. Nos referimos a esta informaci\u00f3n recopilada autom\u00e1ticamente como &#8220;Informaci\u00f3n del dispositivo&#8221;.<\/p>\n\n\n\n<p>Recopilamos informaci\u00f3n del dispositivo utilizando las siguientes tecnolog\u00edas:<\/p>\n\n\n\n<ul>\n<li>Las &#8220;cookies&#8221; son archivos de datos que se colocan en su dispositivo o computadora y que a menudo incluyen un identificador \u00fanico an\u00f3nimo. Para obtener m\u00e1s informaci\u00f3n sobre las cookies y c\u00f3mo deshabilitarlas, puede visitar: <a href=\"http:\/\/www.allaboutcookies.org\">http:\/\/www.allaboutcookies.org<\/a>.<\/li>\n\n\n\n<li>Los &#8220;archivos de registro&#8221; rastrean las acciones que ocurren en el Sitio y recopilan datos, incluida su direcci\u00f3n IP, el tipo de navegador, el proveedor de servicios de Internet, las p\u00e1ginas de referencia \/ salida y los sellos de fecha \/ hora.<\/li>\n\n\n\n<li>\u201cBalizas web\u201d, \u201cetiquetas\u201d y \u201cp\u00edxeles\u201d son archivos electr\u00f3nicos que se utilizan para registrar informaci\u00f3n sobre c\u00f3mo navegar por el Sitio.<\/li>\n<\/ul>\n\n\n\n<p>Adem\u00e1s, cuando realiza una compra o intenta realizar una compra a trav\u00e9s del Sitio, recopilamos cierta informaci\u00f3n suya, como su nombre, direcci\u00f3n de facturaci\u00f3n, direcci\u00f3n de env\u00edo, informaci\u00f3n de pago (incluidos los n\u00fameros de tarjetas de d\u00e9bito o cr\u00e9dito), direcci\u00f3n de correo electr\u00f3nico y n\u00famero de tel\u00e9fono. Nos referimos a esta informaci\u00f3n como &#8220;Informaci\u00f3n del pedido&#8221;.<\/p>\n\n\n\n<p>Cuando hablamos de &#8220;Informaci\u00f3n personal&#8221; en esta Pol\u00edtica de privacidad, hablamos tanto de Informaci\u00f3n del dispositivo como de Informaci\u00f3n del pedido.<\/p>\n\n\n\n<p>\u00bfC\u00d3MO USAMOS TU INFORMACI\u00d3N PERSONAL?<\/p>\n\n\n\n<p>Utilizamos la Informaci\u00f3n de pedido que recopilamos generalmente para cumplir con los pedidos realizados a trav\u00e9s del Sitio (incluido el procesamiento de su informaci\u00f3n de pago, la organizaci\u00f3n del env\u00edo y el env\u00edo de facturas y \/ o confirmaciones de pedidos). Adem\u00e1s, utilizamos esta informaci\u00f3n de pedido para:<\/p>\n\n\n\n<ul>\n<li>Comunicarnos contigo;<\/li>\n\n\n\n<li>Examinar nuestros pedidos para detectar posibles riesgos o fraudes; y<\/li>\n\n\n\n<li>Cuando est\u00e9 en l\u00ednea con las preferencias que ha compartido con nosotros, proporcionarle informaci\u00f3n o publicidad relacionada con nuestros productos o servicios.<\/li>\n<\/ul>\n\n\n\n<p>Utilizamos la informaci\u00f3n del dispositivo que recopilamos para ayudarnos a detectar posibles riesgos y fraudes (en particular, su direcci\u00f3n IP) y, en general, para mejorar y optimizar nuestro sitio (por ejemplo, generando an\u00e1lisis sobre c\u00f3mo navegan e interact\u00faan nuestros clientes, y para evaluar el \u00e9xito de nuestras campa\u00f1as de marketing y publicidad).<\/p>\n\n\n\n<p>COMPARTIENDO SU INFORMACI\u00d3N PERSONAL<\/p>\n\n\n\n<p>Compartimos su informaci\u00f3n personal con terceros para ayudarnos a utilizar su informaci\u00f3n personal, como se describe anteriormente. Tambi\u00e9n utilizamos Google Analytics para ayudarnos a comprender c\u00f3mo nuestros clientes usan el sitio.<\/p>\n\n\n\n<p>Finalmente, tambi\u00e9n podemos compartir su informaci\u00f3n personal para cumplir con las leyes y regulaciones aplicables, para responder a una citaci\u00f3n, una orden de registro u otra solicitud legal de informaci\u00f3n que recibimos, o para proteger nuestros derechos.<\/p>\n\n\n\n<p>PUBLICIDAD DE COMPORTAMIENTO<\/p>\n\n\n\n<p>Como se describi\u00f3 anteriormente, utilizamos su informaci\u00f3n personal para proporcionarle anuncios espec\u00edficos o comunicaciones de marketing que creemos pueden ser de su inter\u00e9s. Para obtener m\u00e1s informaci\u00f3n sobre c\u00f3mo funciona la publicidad dirigida, puede visitar la p\u00e1gina educativa de Network Advertising Initiative (&#8220;NAI&#8221;) en <a href=\"http:\/\/www.networkadvertising.org\/understanding-online-advertising\/how-does-it-work\">http:\/\/www.networkadvertising.org\/understanding-online-advertising\/how-does-it-work<\/a>.<\/p>\n\n\n\n<p>Puede optar por no recibir publicidad dirigida utilizando los enlaces a continuaci\u00f3n:<\/p>\n\n\n\n<ul>\n<li>Facebook: <a href=\"https:\/\/www.facebook.com\/settings\/?tab=ads\">https:\/\/www.facebook.com\/settings\/?tab=ads<\/a><\/li>\n\n\n\n<li>Google: <a href=\"https:\/\/www.google.com\/settings\/ads\/anonymous\">https:\/\/www.google.com\/settings\/ads\/anonymous<\/a><\/li>\n\n\n\n<li>Bing: <a href=\"https:\/\/advertise.bingads.microsoft.com\/en-us\/resources\/policies\/personalized-ads\">https:\/\/advertise.bingads.microsoft.com\/en-us\/resources\/policies\/personalized-ads<\/a><\/li>\n<\/ul>\n\n\n\n<p>Adem\u00e1s, puede optar por no participar en algunos de estos servicios visitando el portal de exclusi\u00f3n de Digital Advertising Alliance en: <a href=\"http:\/\/optout.aboutads.info\/\">http:\/\/optout.aboutads.info\/<\/a>.<\/p>\n\n\n\n<p>NO RASTREAR<\/p>\n\n\n\n<p>Tenga en cuenta que no modificamos las pr\u00e1cticas de uso y recopilaci\u00f3n de datos de nuestro Sitio cuando vemos una se\u00f1al de No rastrear desde su navegador.<\/p>\n\n\n\n<p>RETENCI\u00d3N DE DATOS<\/p>\n\n\n\n<p>Cuando realice un pedido a trav\u00e9s del Sitio, mantendremos su Informaci\u00f3n de pedido para nuestros registros a menos que y hasta que nos solicite eliminar esta informaci\u00f3n.<\/p>\n\n\n\n<p>CAMBIOS<\/p>\n\n\n\n<p>Podemos actualizar esta pol\u00edtica de privacidad de vez en cuando para reflejar, por ejemplo, cambios en nuestras pr\u00e1cticas o por otras razones operativas, legales o reglamentarias.<\/p>\n\n\n\n<p>CONT\u00c1CTENOS<\/p>\n\n\n\n<p>Para obtener m\u00e1s informaci\u00f3n sobre nuestras pr\u00e1cticas de privacidad, si tiene preguntas o si desea presentar una queja, comun\u00edquese con nosotros por correo electr\u00f3nico a&nbsp;<a href=\"mailto:juridico@voztermx.com\">juridico@voztermx.com<\/a><\/p>\n","protected":false},"excerpt":{"rendered":"<p>Esta Pol\u00edtica de privacidad describe c\u00f3mo se recopila, utiliza y comparte su informaci\u00f3n personal cuando visita o realiza una compra en voxtermx.com INFORMACI\u00d3N PERSONAL QUE RECOGEMOS Cuando visita el Sitio, recopilamos autom\u00e1ticamente cierta informaci\u00f3n sobre su dispositivo, incluida informaci\u00f3n sobre su navegador web, direcci\u00f3n IP, zona horaria y algunas de las cookies que est\u00e1n instaladas [&hellip;]<\/p>\n","protected":false},"author":1,"featured_media":0,"parent":0,"menu_order":0,"comment_status":"closed","ping_status":"closed","template":"","meta":{"_monsterinsights_skip_tracking":false,"_monsterinsights_sitenote_active":false,"_monsterinsights_sitenote_note":"","_monsterinsights_sitenote_category":0},"aioseo_notices":[],"jetpack-related-posts":[],"_links":{"self":[{"href":"https:\/\/voztermx.com\/index.php\/wp-json\/wp\/v2\/pages\/11345"}],"collection":[{"href":"https:\/\/voztermx.com\/index.php\/wp-json\/wp\/v2\/pages"}],"about":[{"href":"https:\/\/voztermx.com\/index.php\/wp-json\/wp\/v2\/types\/page"}],"author":[{"embeddable":true,"href":"https:\/\/voztermx.com\/index.php\/wp-json\/wp\/v2\/users\/1"}],"replies":[{"embeddable":true,"href":"https:\/\/voztermx.com\/index.php\/wp-json\/wp\/v2\/comments?post=11345"}],"version-history":[{"count":1,"href":"https:\/\/voztermx.com\/index.php\/wp-json\/wp\/v2\/pages\/11345\/revisions"}],"predecessor-version":[{"id":11347,"href":"https:\/\/voztermx.com\/index.php\/wp-json\/wp\/v2\/pages\/11345\/revisions\/11347"}],"wp:attachment":[{"href":"https:\/\/voztermx.com\/index.php\/wp-json\/wp\/v2\/media?parent=11345"}],"curies":[{"name":"wp","href":"https:\/\/api.w.org\/{rel}","templated":true}]}}